{"id":658,"date":"2023-05-02T10:28:13","date_gmt":"2023-05-02T08:28:13","guid":{"rendered":"https:\/\/www.maill.cat\/?page_id=658"},"modified":"2023-05-23T14:31:39","modified_gmt":"2023-05-23T12:31:39","slug":"avis-legal","status":"publish","type":"page","link":"https:\/\/www.maill.cat\/ca\/avis-legal\/","title":{"rendered":"Av\u00eds legal"},"content":{"rendered":"<p>[et_pb_section fb_built=&#8221;1&#8243; _builder_version=&#8221;4.20.4&#8243; _module_preset=&#8221;default&#8221; global_colors_info=&#8221;{}&#8221;][et_pb_row _builder_version=&#8221;4.20.4&#8243; _module_preset=&#8221;default&#8221; global_colors_info=&#8221;{}&#8221;][et_pb_column type=&#8221;4_4&#8243; _builder_version=&#8221;4.20.4&#8243; _module_preset=&#8221;default&#8221; global_colors_info=&#8221;{}&#8221;][et_pb_text admin_label=&#8221;Aviso legal&#8221; _builder_version=&#8221;4.21.0&#8243; _module_preset=&#8221;default&#8221; text_font=&#8221;Montserrat|||on|||||&#8221; header_font=&#8221;|700|||||||&#8221; header_text_color=&#8221;#740008&#8243; header_font_size=&#8221;65px&#8221; header_letter_spacing=&#8221;8px&#8221; header_2_font_size=&#8221;40px&#8221; hover_enabled=&#8221;0&#8243; locked=&#8221;off&#8221; global_colors_info=&#8221;{}&#8221; sticky_enabled=&#8221;0&#8243;]<\/p>\n<h1>Av\u00eds legal<\/h1>\n<p>[\/et_pb_text][et_pb_text _builder_version=&#8221;4.20.4&#8243; _module_preset=&#8221;default&#8221; header_2_font=&#8221;|||on|||||&#8221; header_2_text_color=&#8221;#5b964b&#8221; header_2_font_size=&#8221;40px&#8221; global_colors_info=&#8221;{}&#8221;]<\/p>\n<p>Bienvenidos a Maill.cat. La utilizaci\u00f3n de este sitio web implica la aceptaci\u00f3n plena y sin reservas de las disposiciones incluidas en este Aviso Legal. Si no est\u00e1 de acuerdo con ellas, por favor abst\u00e9ngase de acceder o utilizar este sitio web.<\/p>\n<h2>Titularidad del sitio web<\/h2>\n<p>Maill.cat es un sitio web propiedad de [Nombre de la empresa propietaria], con domicilio social en [Direcci\u00f3n completa], inscrita en el Registro Mercantil de [Ciudad] con el n\u00famero [N\u00famero de registro], y con NIF [N\u00famero de identificaci\u00f3n fiscal].<\/p>\n<h2>Propiedad intelectual<\/h2>\n<p>Todos los contenidos del sitio web, entendiendo por estos a t\u00edtulo enunciativo los textos, fotograf\u00edas, gr\u00e1ficos, im\u00e1genes, iconos, tecnolog\u00eda, software, links y dem\u00e1s contenidos audiovisuales o sonoros, as\u00ed como su dise\u00f1o gr\u00e1fico y c\u00f3digos fuente (en adelante, los &#8220;Contenidos&#8221;), son propiedad de Maill.cat o de terceros, sin que puedan entenderse cedidos al usuario, en virtud de lo dispuesto en este Aviso Legal, ning\u00fan derecho de explotaci\u00f3n sobre los mismos m\u00e1s all\u00e1 de lo estrictamente necesario para el correcto uso del sitio web.<\/p>\n<p>Queda prohibida la reproducci\u00f3n, distribuci\u00f3n, transformaci\u00f3n, comunicaci\u00f3n p\u00fablica, puesta a disposici\u00f3n, extracci\u00f3n, reutilizaci\u00f3n, reenv\u00edo o la utilizaci\u00f3n de cualquier naturaleza, por cualquier medio o procedimiento, de cualquier contenido del sitio web, salvo en los casos en que est\u00e9 legalmente permitido o sea autorizado por el titular de los correspondientes derechos.<\/p>\n<h2>Responsabilidad<\/h2>\n<p>Maill.cat no se hace responsable de los posibles errores tipogr\u00e1ficos, formales o num\u00e9ricos que pueda contener el sitio web, ni de la exactitud de la informaci\u00f3n contenida en el mismo. Tampoco ser\u00e1 responsable del uso que el usuario haga del sitio web o de los servicios y contenidos en \u00e9l contenidos.<\/p>\n<p>Maill.cat no garantiza la ausencia de virus u otros elementos lesivos que pudieran causar da\u00f1os o alteraciones en el sistema inform\u00e1tico, en los documentos electr\u00f3nicos o en los ficheros del usuario de este sitio web. Por tanto, Maill.cat no se hace responsable de los da\u00f1os y perjuicios que tales elementos pudieran ocasionar al usuario o a terceros.<\/p>\n<h2>Enlaces<\/h2>\n<p>Maill.cat no se hace responsable de los contenidos de los enlaces externos que se puedan incluir en el sitio web, ya que no tiene control alguno sobre los mismos. Por tanto, el usuario accede bajo su exclusiva responsabilidad a los contenidos y condiciones de uso que rijan en los mismos.<\/p>\n<h2>Modificaciones del Aviso Legal<\/h2>\n<p>Maill.cat se reserva el derecho a modificar, en cualquier momento y sin necesidad de previo aviso, las disposiciones contenidas en este Aviso Legal, a fin de adaptarlas a novedades legislativas o jurisprudenciales, as\u00ed como a las pr\u00e1cticas del mercado. El uso continuado del sitio web una vez efectuadas las modificaciones implicar\u00e1 la aceptaci\u00f3n de las mismas.<\/p>\n<h2>Ley aplicable y jurisdicci\u00f3n<\/h2>\n<p>Este Aviso Legal se regir\u00e1 e interpretar\u00e1 de acuerdo con la legislaci\u00f3n espa\u00f1ola. Para cualquier controversia que pudiera derivarse del acceso o uso del sitio web, tanto Maill.cat como el usuario se someten a los juzgados y tribunales de [Ciudad], renunciando a cualquier otro fuero que pudiera corresponderles.<\/p>\n<h2>Protecci\u00f3n de datos<\/h2>\n<p>En cumplimiento de la normativa aplicable en materia de protecci\u00f3n de datos, se informa al usuario que los datos personales que facilite a trav\u00e9s del sitio web ser\u00e1n tratados de acuerdo con la Pol\u00edtica de Privacidad disponible en este sitio web.<\/p>\n<h2>Contacto<\/h2>\n<p>Si el usuario tiene alguna duda o consulta acerca de este Aviso Legal, puede ponerse en contacto con Maill.cat a trav\u00e9s de la direcci\u00f3n de correo electr\u00f3nico [Direcci\u00f3n de correo electr\u00f3nico de contacto].<\/p>\n<h2>\u00daltima actualizaci\u00f3n<\/h2>\n<p>Este Aviso Legal fue actualizado por \u00faltima vez el [Fecha de la \u00faltima actualizaci\u00f3n]. ChatGPT<\/p>\n<p>[\/et_pb_text][\/et_pb_column][\/et_pb_row][\/et_pb_section]<\/p>\n","protected":false},"excerpt":{"rendered":"<p>Av\u00eds legalBienvenidos a Maill.cat. La utilizaci\u00f3n de este sitio web implica la aceptaci\u00f3n plena y sin reservas de las disposiciones incluidas en este Aviso Legal. Si no est\u00e1 de acuerdo con ellas, por favor abst\u00e9ngase de acceder o utilizar este sitio web. Titularidad del sitio web Maill.cat es un sitio web propiedad de [Nombre de [&hellip;]<\/p>\n","protected":false},"author":1,"featured_media":0,"parent":0,"menu_order":0,"comment_status":"closed","ping_status":"closed","template":"","meta":{"_et_pb_use_builder":"on","_et_pb_old_content":"[et_pb_section fb_built=\"1\" _builder_version=\"4.20.4\" _module_preset=\"default\" global_colors_info=\"{}\"][et_pb_row _builder_version=\"4.20.4\" _module_preset=\"default\" global_colors_info=\"{}\"][et_pb_column type=\"4_4\" _builder_version=\"4.20.4\" _module_preset=\"default\" global_colors_info=\"{}\"][et_pb_text admin_label=\"Aviso legal\" _builder_version=\"4.20.4\" _module_preset=\"default\" text_font=\"Montserrat|||on|||||\" header_font=\"Corbel Bold||||||||\" header_text_color=\"#740008\" header_font_size=\"65px\" header_letter_spacing=\"8px\" header_2_font_size=\"40px\" locked=\"off\" global_colors_info=\"{}\"]<h1>Aviso legal<\/h1>[\/et_pb_text][et_pb_text _builder_version=\"4.20.4\" _module_preset=\"default\" hover_enabled=\"0\" global_colors_info=\"{}\" sticky_enabled=\"0\" header_2_font=\"|||on|||||\" header_2_text_color=\"#5b964b\" header_2_font_size=\"40px\"]<p>Bienvenidos a Maill.cat. La utilizaci\u00f3n de este sitio web implica la aceptaci\u00f3n plena y sin reservas de las disposiciones incluidas en este Aviso Legal. Si no est\u00e1 de acuerdo con ellas, por favor abst\u00e9ngase de acceder o utilizar este sitio web.<\/p>\r\n<h2>Titularidad del sitio web<\/h2>\r\n<p>Maill.cat es un sitio web propiedad de [Nombre de la empresa propietaria], con domicilio social en [Direcci\u00f3n completa], inscrita en el Registro Mercantil de [Ciudad] con el n\u00famero [N\u00famero de registro], y con NIF [N\u00famero de identificaci\u00f3n fiscal].<\/p>\r\n<h2>Propiedad intelectual<\/h2>\r\n<p>Todos los contenidos del sitio web, entendiendo por estos a t\u00edtulo enunciativo los textos, fotograf\u00edas, gr\u00e1ficos, im\u00e1genes, iconos, tecnolog\u00eda, software, links y dem\u00e1s contenidos audiovisuales o sonoros, as\u00ed como su dise\u00f1o gr\u00e1fico y c\u00f3digos fuente (en adelante, los \"Contenidos\"), son propiedad de Maill.cat o de terceros, sin que puedan entenderse cedidos al usuario, en virtud de lo dispuesto en este Aviso Legal, ning\u00fan derecho de explotaci\u00f3n sobre los mismos m\u00e1s all\u00e1 de lo estrictamente necesario para el correcto uso del sitio web.<\/p>\r\n<p>Queda prohibida la reproducci\u00f3n, distribuci\u00f3n, transformaci\u00f3n, comunicaci\u00f3n p\u00fablica, puesta a disposici\u00f3n, extracci\u00f3n, reutilizaci\u00f3n, reenv\u00edo o la utilizaci\u00f3n de cualquier naturaleza, por cualquier medio o procedimiento, de cualquier contenido del sitio web, salvo en los casos en que est\u00e9 legalmente permitido o sea autorizado por el titular de los correspondientes derechos.<\/p>\r\n<h2>Responsabilidad<\/h2>\r\n<p>Maill.cat no se hace responsable de los posibles errores tipogr\u00e1ficos, formales o num\u00e9ricos que pueda contener el sitio web, ni de la exactitud de la informaci\u00f3n contenida en el mismo. Tampoco ser\u00e1 responsable del uso que el usuario haga del sitio web o de los servicios y contenidos en \u00e9l contenidos.<\/p>\r\n<p>Maill.cat no garantiza la ausencia de virus u otros elementos lesivos que pudieran causar da\u00f1os o alteraciones en el sistema inform\u00e1tico, en los documentos electr\u00f3nicos o en los ficheros del usuario de este sitio web. Por tanto, Maill.cat no se hace responsable de los da\u00f1os y perjuicios que tales elementos pudieran ocasionar al usuario o a terceros.<\/p>\r\n<h2>Enlaces<\/h2>\r\n<p>Maill.cat no se hace responsable de los contenidos de los enlaces externos que se puedan incluir en el sitio web, ya que no tiene control alguno sobre los mismos. Por tanto, el usuario accede bajo su exclusiva responsabilidad a los contenidos y condiciones de uso que rijan en los mismos.<\/p>\r\n<h2>Modificaciones del Aviso Legal<\/h2>\r\n<p>Maill.cat se reserva el derecho a modificar, en cualquier momento y sin necesidad de previo aviso, las disposiciones contenidas en este Aviso Legal, a fin de adaptarlas a novedades legislativas o jurisprudenciales, as\u00ed como a las pr\u00e1cticas del mercado. El uso continuado del sitio web una vez efectuadas las modificaciones implicar\u00e1 la aceptaci\u00f3n de las mismas.<\/p>\r\n<h2>Ley aplicable y jurisdicci\u00f3n<\/h2>\r\n<p>Este Aviso Legal se regir\u00e1 e interpretar\u00e1 de acuerdo con la legislaci\u00f3n espa\u00f1ola. Para cualquier controversia que pudiera derivarse del acceso o uso del sitio web, tanto Maill.cat como el usuario se someten a los juzgados y tribunales de [Ciudad], renunciando a cualquier otro fuero que pudiera corresponderles.<\/p>\r\n<h2>Protecci\u00f3n de datos<\/h2>\r\n<p>En cumplimiento de la normativa aplicable en materia de protecci\u00f3n de datos, se informa al usuario que los datos personales que facilite a trav\u00e9s del sitio web ser\u00e1n tratados de acuerdo con la Pol\u00edtica de Privacidad disponible en este sitio web.<\/p>\r\n<h2>Contacto<\/h2>\r\n<p>Si el usuario tiene alguna duda o consulta acerca de este Aviso Legal, puede ponerse en contacto con Maill.cat a trav\u00e9s de la direcci\u00f3n de correo electr\u00f3nico [Direcci\u00f3n de correo electr\u00f3nico de contacto].<\/p>\r\n<h2>\u00daltima actualizaci\u00f3n<\/h2>\r\n<p>Este Aviso Legal fue actualizado por \u00faltima vez el [Fecha de la \u00faltima actualizaci\u00f3n]. ChatGPT<\/p>[\/et_pb_text][\/et_pb_column][\/et_pb_row][\/et_pb_section]","_et_gb_content_width":"","footnotes":""},"class_list":["post-658","page","type-page","status-publish","hentry"],"aioseo_notices":[],"_links":{"self":[{"href":"https:\/\/www.maill.cat\/ca\/wp-json\/wp\/v2\/pages\/658","targetHints":{"allow":["GET"]}}],"collection":[{"href":"https:\/\/www.maill.cat\/ca\/wp-json\/wp\/v2\/pages"}],"about":[{"href":"https:\/\/www.maill.cat\/ca\/wp-json\/wp\/v2\/types\/page"}],"author":[{"embeddable":true,"href":"https:\/\/www.maill.cat\/ca\/wp-json\/wp\/v2\/users\/1"}],"replies":[{"embeddable":true,"href":"https:\/\/www.maill.cat\/ca\/wp-json\/wp\/v2\/comments?post=658"}],"version-history":[{"count":4,"href":"https:\/\/www.maill.cat\/ca\/wp-json\/wp\/v2\/pages\/658\/revisions"}],"predecessor-version":[{"id":729,"href":"https:\/\/www.maill.cat\/ca\/wp-json\/wp\/v2\/pages\/658\/revisions\/729"}],"wp:attachment":[{"href":"https:\/\/www.maill.cat\/ca\/wp-json\/wp\/v2\/media?parent=658"}],"curies":[{"name":"wp","href":"https:\/\/api.w.org\/{rel}","templated":true}]}}