{"id":666,"date":"2023-04-25T14:05:42","date_gmt":"2023-04-25T12:05:42","guid":{"rendered":"https:\/\/www.maill.cat\/?page_id=666"},"modified":"2023-05-23T14:32:00","modified_gmt":"2023-05-23T12:32:00","slug":"politica-de-privacitat","status":"publish","type":"page","link":"https:\/\/www.maill.cat\/ca\/politica-de-privacitat\/","title":{"rendered":"Pol\u00edtica de privacitat"},"content":{"rendered":"<p>[et_pb_section fb_built=&#8221;1&#8243; _builder_version=&#8221;4.16&#8243; global_colors_info=&#8221;{}&#8221;][et_pb_row _builder_version=&#8221;4.16&#8243; background_size=&#8221;initial&#8221; background_position=&#8221;top_left&#8221; background_repeat=&#8221;repeat&#8221; global_colors_info=&#8221;{}&#8221;][et_pb_column type=&#8221;4_4&#8243; _builder_version=&#8221;4.16&#8243; custom_padding=&#8221;|||&#8221; global_colors_info=&#8221;{}&#8221; custom_padding__hover=&#8221;|||&#8221;][et_pb_text admin_label=&#8221;Pol\u00edtica de privacidad&#8221; _builder_version=&#8221;4.21.0&#8243; _module_preset=&#8221;default&#8221; text_font=&#8221;Montserrat|||on|||||&#8221; header_font=&#8221;|700|||||||&#8221; header_text_color=&#8221;#740008&#8243; header_font_size=&#8221;65px&#8221; header_letter_spacing=&#8221;8px&#8221; header_2_font_size=&#8221;40px&#8221; hover_enabled=&#8221;0&#8243; locked=&#8221;off&#8221; global_colors_info=&#8221;{}&#8221; sticky_enabled=&#8221;0&#8243;]<\/p>\n<h1>Pol\u00edtica de privacitat<\/h1>\n<p>[\/et_pb_text][et_pb_text _builder_version=&#8221;4.20.4&#8243; _module_preset=&#8221;default&#8221; header_2_font=&#8221;|||on|||||&#8221; header_2_text_color=&#8221;#5b964b&#8221; header_2_font_size=&#8221;40px&#8221; locked=&#8221;off&#8221; global_colors_info=&#8221;{}&#8221;]<\/p>\n<p>En Maill.cat, nos comprometemos a proteger la privacidad de los usuarios de nuestro sitio web. Por ello, la presente Pol\u00edtica de Privacidad tiene como objetivo informar al usuario acerca del tratamiento de sus datos personales a trav\u00e9s de este sitio web.<\/p>\n<h2>Responsable del tratamiento de los datos<\/h2>\n<p>El responsable del tratamiento de los datos personales del usuario es [Nombre de la empresa propietaria], con domicilio social en [Direcci\u00f3n completa], inscrita en el Registro Mercantil de [Ciudad] con el n\u00famero [N\u00famero de registro], y con NIF [N\u00famero de identificaci\u00f3n fiscal].<\/p>\n<h2>Finalidad del tratamiento de los datos<\/h2>\n<p>Los datos personales proporcionados por el usuario a trav\u00e9s del sitio web ser\u00e1n tratados con la finalidad de:<\/p>\n<h2>Gestionar el registro del usuario en el sitio web.<\/h2>\n<ul>\n<li>Permitir el acceso del usuario a los servicios y contenidos ofrecidos por el sitio web.<\/li>\n<li>Atender las solicitudes y consultas realizadas por el usuario a trav\u00e9s del formulario de contacto.<\/li>\n<li>Enviar informaci\u00f3n y comunicaciones comerciales sobre nuestros productos y servicios, siempre y cuando el usuario haya dado su consentimiento expreso para ello.<\/li>\n<li>Realizar estudios de mercado y an\u00e1lisis estad\u00edsticos sobre la utilizaci\u00f3n del sitio web por parte de los usuarios.<\/li>\n<\/ul>\n<h2>Legitimaci\u00f3n para el tratamiento de los datos<\/h2>\n<p>La legitimaci\u00f3n para el tratamiento de los datos personales del usuario se basa en:<\/p>\n<p>El consentimiento expreso otorgado por el usuario para el tratamiento de sus datos con las finalidades indicadas en esta Pol\u00edtica de Privacidad.<br \/>La ejecuci\u00f3n de un contrato entre Maill.cat y el usuario para la prestaci\u00f3n de los servicios ofrecidos a trav\u00e9s del sitio web.<\/p>\n<h2>Destinatarios de los datos<\/h2>\n<p>Los datos personales del usuario podr\u00e1n ser comunicados a:<\/p>\n<ul>\n<li>Empresas del grupo de Maill.cat, con la finalidad de prestar los servicios ofrecidos a trav\u00e9s del sitio web.<\/li>\n<li>Proveedores de servicios que colaboran con Maill.cat en la prestaci\u00f3n de los servicios ofrecidos a trav\u00e9s del sitio web.<\/li>\n<li>Autoridades p\u00fablicas, en caso de que exista una obligaci\u00f3n legal de hacerlo.<\/li>\n<\/ul>\n<h2>Derechos de los usuarios<\/h2>\n<p>El usuario podr\u00e1 ejercer los siguientes derechos en relaci\u00f3n con sus datos personales:<\/p>\n<ul>\n<li>Derecho de acceso: el usuario podr\u00e1 solicitar informaci\u00f3n sobre los datos personales que Maill.cat tiene sobre \u00e9l.<\/li>\n<li>Derecho de rectificaci\u00f3n: el usuario podr\u00e1 solicitar la rectificaci\u00f3n de los datos personales inexactos o incompletos.<\/li>\n<li>Derecho de supresi\u00f3n: el usuario podr\u00e1 solicitar la supresi\u00f3n de sus datos personales cuando, entre otros motivos, los datos ya no sean necesarios para las finalidades para las que fueron recogidos.<\/li>\n<li>Derecho de oposici\u00f3n: el usuario podr\u00e1 oponerse al tratamiento de sus datos personales en determinadas circunstancias, como por ejemplo en caso de que el tratamiento se realice con fines de marketing directo.<\/li>\n<li>Derecho a la limitaci\u00f3n del tratamiento: el usuario podr\u00e1 solicitar la limitaci\u00f3n del tratamiento de sus datos personales en determinados casos.<\/li>\n<li>Derecho a la portabilidad de los datos: el usuario podr\u00e1 recibir los datos personales que haya proporcionado a Maill.cat en un formato estructurado, de uso com\u00fan y lectura mec\u00e1nica, y podr\u00e1 transmitirlos a otro responsable del tratamiento sin impedimentos por parte de Maill.cat.<\/li>\n<li>Derecho a presentar una reclamaci\u00f3n ante la autoridad de control competente en materia de protecci\u00f3n de datos: el usuario tendr\u00e1 derecho a presentar una reclamaci\u00f3n ante la Agencia Espa\u00f1ola de Protecci\u00f3n de Datos o ante la autoridad de control competente en materia de protecci\u00f3n de datos del Estado miembro de la Uni\u00f3n Europea en el que tenga su residencia habitual, lugar de trabajo o lugar donde se haya producido la supuesta infracci\u00f3n.<\/li>\n<\/ul>\n<h2>Plazo de conservaci\u00f3n de los datos<\/h2>\n<p>Los datos personales proporcionados por el usuario se conservar\u00e1n mientras sean necesarios para las finalidades para las que fueron recogidos, o hasta que el usuario solicite su supresi\u00f3n.<\/p>\n<h2>Medidas de seguridad<\/h2>\n<p>Maill.cat ha adoptado las medidas t\u00e9cnicas y organizativas necesarias para garantizar la seguridad de los datos personales del usuario y evitar su alteraci\u00f3n, p\u00e9rdida, tratamiento o acceso no autorizado, teniendo en cuenta el estado de la tecnolog\u00eda, la naturaleza de los datos almacenados y los riesgos a los que est\u00e1n expuestos.<\/p>\n<h2>Cambios en la Pol\u00edtica de Privacidad<\/h2>\n<p>Maill.cat se reserva el derecho a modificar esta Pol\u00edtica de Privacidad para adaptarla a novedades legislativas o jurisprudenciales, as\u00ed como a pr\u00e1cticas del sector. En tal caso, se informar\u00e1 al usuario de los cambios introducidos con la debida antelaci\u00f3n.<\/p>\n<h2>Contacto<\/h2>\n<p>Si el usuario tiene alguna duda o consulta acerca de esta Pol\u00edtica de Privacidad, puede ponerse en contacto con Maill.cat a trav\u00e9s de la direcci\u00f3n de correo electr\u00f3nico [Direcci\u00f3n de correo electr\u00f3nico de contacto].<\/p>\n<h2>\u00daltima actualizaci\u00f3n<\/h2>\n<p>Esta Pol\u00edtica de Privacidad fue actualizada por \u00faltima vez el [Fecha de la \u00faltima actualizaci\u00f3n].<\/p>\n<p>[\/et_pb_text][\/et_pb_column][\/et_pb_row][\/et_pb_section]<\/p>\n","protected":false},"excerpt":{"rendered":"<p>Pol\u00edtica de privacitatEn Maill.cat, nos comprometemos a proteger la privacidad de los usuarios de nuestro sitio web. Por ello, la presente Pol\u00edtica de Privacidad tiene como objetivo informar al usuario acerca del tratamiento de sus datos personales a trav\u00e9s de este sitio web. Responsable del tratamiento de los datos El responsable del tratamiento de los [&hellip;]<\/p>\n","protected":false},"author":1,"featured_media":0,"parent":0,"menu_order":0,"comment_status":"closed","ping_status":"open","template":"","meta":{"_et_pb_use_builder":"on","_et_pb_old_content":"[et_pb_section fb_built=\"1\" _builder_version=\"4.16\" global_colors_info=\"{}\"][et_pb_row _builder_version=\"4.16\" background_size=\"initial\" background_position=\"top_left\" background_repeat=\"repeat\" global_colors_info=\"{}\"][et_pb_column type=\"4_4\" _builder_version=\"4.16\" custom_padding=\"|||\" global_colors_info=\"{}\" custom_padding__hover=\"|||\"][et_pb_text admin_label=\"Pol\u00edtica de privacidad\" _builder_version=\"4.20.4\" _module_preset=\"default\" text_font=\"Montserrat|||on|||||\" header_font=\"Corbel Bold||||||||\" header_text_color=\"#740008\" header_font_size=\"65px\" header_letter_spacing=\"8px\" header_2_font_size=\"40px\" hover_enabled=\"0\" global_colors_info=\"{}\" locked=\"off\" sticky_enabled=\"0\"]<h1>Pol\u00edtica de privacidad<\/h1>[\/et_pb_text][et_pb_text _builder_version=\"4.20.4\" _module_preset=\"default\" header_2_font=\"|||on|||||\" header_2_text_color=\"#5b964b\" header_2_font_size=\"40px\" hover_enabled=\"0\" global_colors_info=\"{}\" locked=\"off\" sticky_enabled=\"0\"]<p>En Maill.cat, nos comprometemos a proteger la privacidad de los usuarios de nuestro sitio web. Por ello, la presente Pol\u00edtica de Privacidad tiene como objetivo informar al usuario acerca del tratamiento de sus datos personales a trav\u00e9s de este sitio web.<\/p>\r\n<h2>Responsable del tratamiento de los datos<\/h2>\r\n<p>El responsable del tratamiento de los datos personales del usuario es [Nombre de la empresa propietaria], con domicilio social en [Direcci\u00f3n completa], inscrita en el Registro Mercantil de [Ciudad] con el n\u00famero [N\u00famero de registro], y con NIF [N\u00famero de identificaci\u00f3n fiscal].<\/p>\r\n<h2>Finalidad del tratamiento de los datos<\/h2>\r\n<p>Los datos personales proporcionados por el usuario a trav\u00e9s del sitio web ser\u00e1n tratados con la finalidad de:<\/p>\r\n<h2>Gestionar el registro del usuario en el sitio web.<\/h2>\r\n<ul>\r\n<li>Permitir el acceso del usuario a los servicios y contenidos ofrecidos por el sitio web.<\/li>\r\n<li>Atender las solicitudes y consultas realizadas por el usuario a trav\u00e9s del formulario de contacto.<\/li>\r\n<li>Enviar informaci\u00f3n y comunicaciones comerciales sobre nuestros productos y servicios, siempre y cuando el usuario haya dado su consentimiento expreso para ello.<\/li>\r\n<li>Realizar estudios de mercado y an\u00e1lisis estad\u00edsticos sobre la utilizaci\u00f3n del sitio web por parte de los usuarios.<\/li>\r\n<\/ul>\r\n<h2>Legitimaci\u00f3n para el tratamiento de los datos<\/h2>\r\n<p>La legitimaci\u00f3n para el tratamiento de los datos personales del usuario se basa en:<\/p>\r\n<p>El consentimiento expreso otorgado por el usuario para el tratamiento de sus datos con las finalidades indicadas en esta Pol\u00edtica de Privacidad.<br \/>La ejecuci\u00f3n de un contrato entre Maill.cat y el usuario para la prestaci\u00f3n de los servicios ofrecidos a trav\u00e9s del sitio web.<\/p>\r\n<h2>Destinatarios de los datos<\/h2>\r\n<p>Los datos personales del usuario podr\u00e1n ser comunicados a:<\/p>\r\n<ul>\r\n<li>Empresas del grupo de Maill.cat, con la finalidad de prestar los servicios ofrecidos a trav\u00e9s del sitio web.<\/li>\r\n<li>Proveedores de servicios que colaboran con Maill.cat en la prestaci\u00f3n de los servicios ofrecidos a trav\u00e9s del sitio web.<\/li>\r\n<li>Autoridades p\u00fablicas, en caso de que exista una obligaci\u00f3n legal de hacerlo.<\/li>\r\n<\/ul>\r\n<h2>Derechos de los usuarios<\/h2>\r\n<p>El usuario podr\u00e1 ejercer los siguientes derechos en relaci\u00f3n con sus datos personales:<\/p>\r\n<ul>\r\n<li>Derecho de acceso: el usuario podr\u00e1 solicitar informaci\u00f3n sobre los datos personales que Maill.cat tiene sobre \u00e9l.<\/li>\r\n<li>Derecho de rectificaci\u00f3n: el usuario podr\u00e1 solicitar la rectificaci\u00f3n de los datos personales inexactos o incompletos.<\/li>\r\n<li>Derecho de supresi\u00f3n: el usuario podr\u00e1 solicitar la supresi\u00f3n de sus datos personales cuando, entre otros motivos, los datos ya no sean necesarios para las finalidades para las que fueron recogidos.<\/li>\r\n<li>Derecho de oposici\u00f3n: el usuario podr\u00e1 oponerse al tratamiento de sus datos personales en determinadas circunstancias, como por ejemplo en caso de que el tratamiento se realice con fines de marketing directo.<\/li>\r\n<li>Derecho a la limitaci\u00f3n del tratamiento: el usuario podr\u00e1 solicitar la limitaci\u00f3n del tratamiento de sus datos personales en determinados casos.<\/li>\r\n<li>Derecho a la portabilidad de los datos: el usuario podr\u00e1 recibir los datos personales que haya proporcionado a Maill.cat en un formato estructurado, de uso com\u00fan y lectura mec\u00e1nica, y podr\u00e1 transmitirlos a otro responsable del tratamiento sin impedimentos por parte de Maill.cat.<\/li>\r\n<li>Derecho a presentar una reclamaci\u00f3n ante la autoridad de control competente en materia de protecci\u00f3n de datos: el usuario tendr\u00e1 derecho a presentar una reclamaci\u00f3n ante la Agencia Espa\u00f1ola de Protecci\u00f3n de Datos o ante la autoridad de control competente en materia de protecci\u00f3n de datos del Estado miembro de la Uni\u00f3n Europea en el que tenga su residencia habitual, lugar de trabajo o lugar donde se haya producido la supuesta infracci\u00f3n.<\/li>\r\n<\/ul>\r\n<h2>Plazo de conservaci\u00f3n de los datos<\/h2>\r\n<p>Los datos personales proporcionados por el usuario se conservar\u00e1n mientras sean necesarios para las finalidades para las que fueron recogidos, o hasta que el usuario solicite su supresi\u00f3n.<\/p>\r\n<h2>Medidas de seguridad<\/h2>\r\n<p>Maill.cat ha adoptado las medidas t\u00e9cnicas y organizativas necesarias para garantizar la seguridad de los datos personales del usuario y evitar su alteraci\u00f3n, p\u00e9rdida, tratamiento o acceso no autorizado, teniendo en cuenta el estado de la tecnolog\u00eda, la naturaleza de los datos almacenados y los riesgos a los que est\u00e1n expuestos.<\/p>\r\n<h2>Cambios en la Pol\u00edtica de Privacidad<\/h2>\r\n<p>Maill.cat se reserva el derecho a modificar esta Pol\u00edtica de Privacidad para adaptarla a novedades legislativas o jurisprudenciales, as\u00ed como a pr\u00e1cticas del sector. En tal caso, se informar\u00e1 al usuario de los cambios introducidos con la debida antelaci\u00f3n.<\/p>\r\n<h2>Contacto<\/h2>\r\n<p>Si el usuario tiene alguna duda o consulta acerca de esta Pol\u00edtica de Privacidad, puede ponerse en contacto con Maill.cat a trav\u00e9s de la direcci\u00f3n de correo electr\u00f3nico [Direcci\u00f3n de correo electr\u00f3nico de contacto].<\/p>\r\n<h2>\u00daltima actualizaci\u00f3n<\/h2>\r\n<p>Esta Pol\u00edtica de Privacidad fue actualizada por \u00faltima vez el [Fecha de la \u00faltima actualizaci\u00f3n].<\/p>[\/et_pb_text][\/et_pb_column][\/et_pb_row][\/et_pb_section]","_et_gb_content_width":"","footnotes":""},"class_list":["post-666","page","type-page","status-publish","hentry"],"aioseo_notices":[],"_links":{"self":[{"href":"https:\/\/www.maill.cat\/ca\/wp-json\/wp\/v2\/pages\/666","targetHints":{"allow":["GET"]}}],"collection":[{"href":"https:\/\/www.maill.cat\/ca\/wp-json\/wp\/v2\/pages"}],"about":[{"href":"https:\/\/www.maill.cat\/ca\/wp-json\/wp\/v2\/types\/page"}],"author":[{"embeddable":true,"href":"https:\/\/www.maill.cat\/ca\/wp-json\/wp\/v2\/users\/1"}],"replies":[{"embeddable":true,"href":"https:\/\/www.maill.cat\/ca\/wp-json\/wp\/v2\/comments?post=666"}],"version-history":[{"count":5,"href":"https:\/\/www.maill.cat\/ca\/wp-json\/wp\/v2\/pages\/666\/revisions"}],"predecessor-version":[{"id":731,"href":"https:\/\/www.maill.cat\/ca\/wp-json\/wp\/v2\/pages\/666\/revisions\/731"}],"wp:attachment":[{"href":"https:\/\/www.maill.cat\/ca\/wp-json\/wp\/v2\/media?parent=666"}],"curies":[{"name":"wp","href":"https:\/\/api.w.org\/{rel}","templated":true}]}}